{"id":43,"date":"2025-11-19T17:22:08","date_gmt":"2025-11-19T22:22:08","guid":{"rendered":"https:\/\/cognosferadigital.com\/?page_id=43"},"modified":"2025-11-20T09:27:34","modified_gmt":"2025-11-20T14:27:34","slug":"talleres","status":"publish","type":"page","link":"https:\/\/cognosferadigital.com\/?page_id=43","title":{"rendered":"Talleres"},"content":{"rendered":"\n<div class=\"wp-block-cover alignfull\"><img loading=\"lazy\" decoding=\"async\" width=\"1024\" height=\"683\" class=\"wp-block-cover__image-background wp-image-44 size-large\" alt=\"\" src=\"https:\/\/cognosferadigital.com\/wp-content\/uploads\/2025\/11\/TalleresHeroPageCognosfera-1024x683.png\" data-object-fit=\"cover\" srcset=\"https:\/\/cognosferadigital.com\/wp-content\/uploads\/2025\/11\/TalleresHeroPageCognosfera-1024x683.png 1024w, https:\/\/cognosferadigital.com\/wp-content\/uploads\/2025\/11\/TalleresHeroPageCognosfera-300x200.png 300w, https:\/\/cognosferadigital.com\/wp-content\/uploads\/2025\/11\/TalleresHeroPageCognosfera-768x512.png 768w, https:\/\/cognosferadigital.com\/wp-content\/uploads\/2025\/11\/TalleresHeroPageCognosfera.png 1536w\" sizes=\"auto, (max-width: 1024px) 100vw, 1024px\" \/><span aria-hidden=\"true\" class=\"wp-block-cover__background has-accent-3-background-color has-background-dim\"><\/span><div class=\"wp-block-cover__inner-container is-layout-constrained wp-block-cover-is-layout-constrained\">\n<p class=\"has-text-align-center has-large-font-size\">Apasionada por el aprendizaje, generosa para compartirlo<\/p>\n<\/div><\/div>\n\n\n\n<div class=\"wp-block-columns alignfull is-layout-flex wp-container-core-columns-is-layout-9d6595d7 wp-block-columns-is-layout-flex\">\n<div class=\"wp-block-column is-layout-flow wp-block-column-is-layout-flow\">\n<h2 class=\"wp-block-heading has-text-align-center\">Biblioteca <\/h2>\n\n\n\n<figure class=\"wp-block-image size-large is-style-default\"><img loading=\"lazy\" decoding=\"async\" width=\"1024\" height=\"683\" src=\"https:\/\/cognosferadigital.com\/wp-content\/uploads\/2025\/11\/bibliotecaDigital-1024x683.png\" alt=\"\" class=\"wp-image-47\" srcset=\"https:\/\/cognosferadigital.com\/wp-content\/uploads\/2025\/11\/bibliotecaDigital-1024x683.png 1024w, https:\/\/cognosferadigital.com\/wp-content\/uploads\/2025\/11\/bibliotecaDigital-300x200.png 300w, https:\/\/cognosferadigital.com\/wp-content\/uploads\/2025\/11\/bibliotecaDigital-768x512.png 768w, https:\/\/cognosferadigital.com\/wp-content\/uploads\/2025\/11\/bibliotecaDigital.png 1536w\" sizes=\"auto, (max-width: 1024px) 100vw, 1024px\" \/><\/figure>\n\n\n\n<p>Encuentra Gu\u00edas PDF, plantillas, tutoriales cortos<\/p>\n<\/div>\n\n\n\n<div class=\"wp-block-column is-layout-flow wp-block-column-is-layout-flow\">\n<h2 class=\"wp-block-heading has-text-align-center\">Guias<\/h2>\n\n\n\n<figure class=\"wp-block-image size-large is-style-default\"><img loading=\"lazy\" decoding=\"async\" width=\"1024\" height=\"683\" src=\"https:\/\/cognosferadigital.com\/wp-content\/uploads\/2025\/11\/guiaInvestigacionGreen-1024x683.png\" alt=\"\" class=\"wp-image-51\" srcset=\"https:\/\/cognosferadigital.com\/wp-content\/uploads\/2025\/11\/guiaInvestigacionGreen-1024x683.png 1024w, https:\/\/cognosferadigital.com\/wp-content\/uploads\/2025\/11\/guiaInvestigacionGreen-300x200.png 300w, https:\/\/cognosferadigital.com\/wp-content\/uploads\/2025\/11\/guiaInvestigacionGreen-768x512.png 768w, https:\/\/cognosferadigital.com\/wp-content\/uploads\/2025\/11\/guiaInvestigacionGreen.png 1536w\" sizes=\"auto, (max-width: 1024px) 100vw, 1024px\" \/><\/figure>\n\n\n\n<p>Lo que trabajamos en los webinares: sentido de sospecha, validaci\u00f3n, pesca de teor\u00edas, bit\u00e1coras, preguntas.<\/p>\n<\/div>\n\n\n\n<div class=\"wp-block-column is-layout-flow wp-block-column-is-layout-flow\">\n<h2 class=\"wp-block-heading has-text-align-center\">Autodidaxia<\/h2>\n\n\n\n<figure class=\"wp-block-gallery has-nested-images columns-default is-cropped wp-block-gallery-2 is-layout-flex wp-block-gallery-is-layout-flex\">\n<figure class=\"wp-block-image size-full is-style-default\"><img loading=\"lazy\" decoding=\"async\" width=\"1021\" height=\"709\" data-id=\"69\" src=\"https:\/\/cognosferadigital.com\/wp-content\/uploads\/2025\/11\/autoDidaxiaGreenCropHead-1.png\" alt=\"\" class=\"wp-image-69\" srcset=\"https:\/\/cognosferadigital.com\/wp-content\/uploads\/2025\/11\/autoDidaxiaGreenCropHead-1.png 1021w, https:\/\/cognosferadigital.com\/wp-content\/uploads\/2025\/11\/autoDidaxiaGreenCropHead-1-300x208.png 300w, https:\/\/cognosferadigital.com\/wp-content\/uploads\/2025\/11\/autoDidaxiaGreenCropHead-1-768x533.png 768w\" sizes=\"auto, (max-width: 1021px) 100vw, 1021px\" \/><\/figure>\n<\/figure>\n\n\n\n<p>Contratos de aprendizaje, flujos de notas, esquemas para lecturas profundas.<\/p>\n<\/div>\n<\/div>\n\n\n\n<p><\/p>\n","protected":false},"excerpt":{"rendered":"<p>Biblioteca Encuentra Gu\u00edas PDF, plantillas, tutoriales cortos Guias Lo que trabajamos en los webinares: sentido de sospecha, validaci\u00f3n, pesca de teor\u00edas, bit\u00e1coras, preguntas. Autodidaxia Contratos de aprendizaje, flujos de notas, esquemas para lecturas profundas.<\/p>\n","protected":false},"author":1,"featured_media":0,"parent":0,"menu_order":3,"comment_status":"closed","ping_status":"closed","template":"","meta":{"hide_page_title":"","footnotes":""},"class_list":["post-43","page","type-page","status-publish","hentry"],"yoast_head":"<!-- This site is optimized with the Yoast SEO plugin v26.4 - https:\/\/yoast.com\/wordpress\/plugins\/seo\/ -->\n<title>Talleres - Cognosfera Digital<\/title>\n<meta name=\"robots\" content=\"noindex, follow, max-snippet:-1, max-image-preview:large, max-video-preview:-1\" \/>\n<meta property=\"og:locale\" content=\"en_US\" \/>\n<meta property=\"og:type\" content=\"article\" \/>\n<meta property=\"og:title\" content=\"Talleres - Cognosfera Digital\" \/>\n<meta property=\"og:description\" content=\"Biblioteca Encuentra Gu\u00edas PDF, plantillas, tutoriales cortos Guias Lo que trabajamos en los webinares: sentido de sospecha, validaci\u00f3n, pesca de teor\u00edas, bit\u00e1coras, preguntas. Autodidaxia Contratos de aprendizaje, flujos de notas, esquemas para lecturas profundas.\" \/>\n<meta property=\"og:url\" content=\"https:\/\/cognosferadigital.com\/?page_id=43\" \/>\n<meta property=\"og:site_name\" content=\"Cognosfera Digital\" \/>\n<meta property=\"article:modified_time\" content=\"2025-11-20T14:27:34+00:00\" \/>\n<meta property=\"og:image\" content=\"https:\/\/cognosferadigital.com\/wp-content\/uploads\/2025\/11\/TalleresHeroPageCognosfera.png\" \/>\n\t<meta property=\"og:image:width\" content=\"1536\" \/>\n\t<meta property=\"og:image:height\" content=\"1024\" \/>\n\t<meta property=\"og:image:type\" content=\"image\/png\" \/>\n<meta name=\"twitter:card\" content=\"summary_large_image\" \/>\n<meta name=\"twitter:label1\" content=\"Est. reading time\" \/>\n\t<meta name=\"twitter:data1\" content=\"1 minute\" \/>\n<script type=\"application\/ld+json\" class=\"yoast-schema-graph\">{\"@context\":\"https:\/\/schema.org\",\"@graph\":[{\"@type\":\"WebPage\",\"@id\":\"https:\/\/cognosferadigital.com\/?page_id=43\",\"url\":\"https:\/\/cognosferadigital.com\/?page_id=43\",\"name\":\"Talleres - Cognosfera Digital\",\"isPartOf\":{\"@id\":\"https:\/\/cognosferadigital.com\/#website\"},\"primaryImageOfPage\":{\"@id\":\"https:\/\/cognosferadigital.com\/?page_id=43#primaryimage\"},\"image\":{\"@id\":\"https:\/\/cognosferadigital.com\/?page_id=43#primaryimage\"},\"thumbnailUrl\":\"https:\/\/cognosferadigital.com\/wp-content\/uploads\/2025\/11\/TalleresHeroPageCognosfera-1024x683.png\",\"datePublished\":\"2025-11-19T22:22:08+00:00\",\"dateModified\":\"2025-11-20T14:27:34+00:00\",\"breadcrumb\":{\"@id\":\"https:\/\/cognosferadigital.com\/?page_id=43#breadcrumb\"},\"inLanguage\":\"en-US\",\"potentialAction\":[{\"@type\":\"ReadAction\",\"target\":[\"https:\/\/cognosferadigital.com\/?page_id=43\"]}]},{\"@type\":\"ImageObject\",\"inLanguage\":\"en-US\",\"@id\":\"https:\/\/cognosferadigital.com\/?page_id=43#primaryimage\",\"url\":\"https:\/\/cognosferadigital.com\/wp-content\/uploads\/2025\/11\/TalleresHeroPageCognosfera.png\",\"contentUrl\":\"https:\/\/cognosferadigital.com\/wp-content\/uploads\/2025\/11\/TalleresHeroPageCognosfera.png\",\"width\":1536,\"height\":1024},{\"@type\":\"BreadcrumbList\",\"@id\":\"https:\/\/cognosferadigital.com\/?page_id=43#breadcrumb\",\"itemListElement\":[{\"@type\":\"ListItem\",\"position\":1,\"name\":\"Home\",\"item\":\"https:\/\/cognosferadigital.com\/\"},{\"@type\":\"ListItem\",\"position\":2,\"name\":\"Talleres\"}]},{\"@type\":\"WebSite\",\"@id\":\"https:\/\/cognosferadigital.com\/#website\",\"url\":\"https:\/\/cognosferadigital.com\/\",\"name\":\"Cognosfera Digital\",\"description\":\"Aprender a aprender en la era digital\",\"potentialAction\":[{\"@type\":\"SearchAction\",\"target\":{\"@type\":\"EntryPoint\",\"urlTemplate\":\"https:\/\/cognosferadigital.com\/?s={search_term_string}\"},\"query-input\":{\"@type\":\"PropertyValueSpecification\",\"valueRequired\":true,\"valueName\":\"search_term_string\"}}],\"inLanguage\":\"en-US\"}]}<\/script>\n<!-- \/ Yoast SEO plugin. -->","yoast_head_json":{"title":"Talleres - Cognosfera Digital","robots":{"index":"noindex","follow":"follow","max-snippet":"max-snippet:-1","max-image-preview":"max-image-preview:large","max-video-preview":"max-video-preview:-1"},"og_locale":"en_US","og_type":"article","og_title":"Talleres - Cognosfera Digital","og_description":"Biblioteca Encuentra Gu\u00edas PDF, plantillas, tutoriales cortos Guias Lo que trabajamos en los webinares: sentido de sospecha, validaci\u00f3n, pesca de teor\u00edas, bit\u00e1coras, preguntas. Autodidaxia Contratos de aprendizaje, flujos de notas, esquemas para lecturas profundas.","og_url":"https:\/\/cognosferadigital.com\/?page_id=43","og_site_name":"Cognosfera Digital","article_modified_time":"2025-11-20T14:27:34+00:00","og_image":[{"width":1536,"height":1024,"url":"https:\/\/cognosferadigital.com\/wp-content\/uploads\/2025\/11\/TalleresHeroPageCognosfera.png","type":"image\/png"}],"twitter_card":"summary_large_image","twitter_misc":{"Est. reading time":"1 minute"},"schema":{"@context":"https:\/\/schema.org","@graph":[{"@type":"WebPage","@id":"https:\/\/cognosferadigital.com\/?page_id=43","url":"https:\/\/cognosferadigital.com\/?page_id=43","name":"Talleres - Cognosfera Digital","isPartOf":{"@id":"https:\/\/cognosferadigital.com\/#website"},"primaryImageOfPage":{"@id":"https:\/\/cognosferadigital.com\/?page_id=43#primaryimage"},"image":{"@id":"https:\/\/cognosferadigital.com\/?page_id=43#primaryimage"},"thumbnailUrl":"https:\/\/cognosferadigital.com\/wp-content\/uploads\/2025\/11\/TalleresHeroPageCognosfera-1024x683.png","datePublished":"2025-11-19T22:22:08+00:00","dateModified":"2025-11-20T14:27:34+00:00","breadcrumb":{"@id":"https:\/\/cognosferadigital.com\/?page_id=43#breadcrumb"},"inLanguage":"en-US","potentialAction":[{"@type":"ReadAction","target":["https:\/\/cognosferadigital.com\/?page_id=43"]}]},{"@type":"ImageObject","inLanguage":"en-US","@id":"https:\/\/cognosferadigital.com\/?page_id=43#primaryimage","url":"https:\/\/cognosferadigital.com\/wp-content\/uploads\/2025\/11\/TalleresHeroPageCognosfera.png","contentUrl":"https:\/\/cognosferadigital.com\/wp-content\/uploads\/2025\/11\/TalleresHeroPageCognosfera.png","width":1536,"height":1024},{"@type":"BreadcrumbList","@id":"https:\/\/cognosferadigital.com\/?page_id=43#breadcrumb","itemListElement":[{"@type":"ListItem","position":1,"name":"Home","item":"https:\/\/cognosferadigital.com\/"},{"@type":"ListItem","position":2,"name":"Talleres"}]},{"@type":"WebSite","@id":"https:\/\/cognosferadigital.com\/#website","url":"https:\/\/cognosferadigital.com\/","name":"Cognosfera Digital","description":"Aprender a aprender en la era digital","potentialAction":[{"@type":"SearchAction","target":{"@type":"EntryPoint","urlTemplate":"https:\/\/cognosferadigital.com\/?s={search_term_string}"},"query-input":{"@type":"PropertyValueSpecification","valueRequired":true,"valueName":"search_term_string"}}],"inLanguage":"en-US"}]}},"_links":{"self":[{"href":"https:\/\/cognosferadigital.com\/index.php?rest_route=\/wp\/v2\/pages\/43","targetHints":{"allow":["GET"]}}],"collection":[{"href":"https:\/\/cognosferadigital.com\/index.php?rest_route=\/wp\/v2\/pages"}],"about":[{"href":"https:\/\/cognosferadigital.com\/index.php?rest_route=\/wp\/v2\/types\/page"}],"author":[{"embeddable":true,"href":"https:\/\/cognosferadigital.com\/index.php?rest_route=\/wp\/v2\/users\/1"}],"replies":[{"embeddable":true,"href":"https:\/\/cognosferadigital.com\/index.php?rest_route=%2Fwp%2Fv2%2Fcomments&post=43"}],"version-history":[{"count":10,"href":"https:\/\/cognosferadigital.com\/index.php?rest_route=\/wp\/v2\/pages\/43\/revisions"}],"predecessor-version":[{"id":96,"href":"https:\/\/cognosferadigital.com\/index.php?rest_route=\/wp\/v2\/pages\/43\/revisions\/96"}],"wp:attachment":[{"href":"https:\/\/cognosferadigital.com\/index.php?rest_route=%2Fwp%2Fv2%2Fmedia&parent=43"}],"curies":[{"name":"wp","href":"https:\/\/api.w.org\/{rel}","templated":true}]}}