{"id":24,"date":"2025-11-19T16:28:11","date_gmt":"2025-11-19T21:28:11","guid":{"rendered":"https:\/\/cognosferadigital.com\/?page_id=24"},"modified":"2025-11-19T19:09:41","modified_gmt":"2025-11-20T00:09:41","slug":"aprender-a-apender","status":"publish","type":"page","link":"https:\/\/cognosferadigital.com\/?page_id=24","title":{"rendered":"Aprender a Apender"},"content":{"rendered":"\n<h2 class=\"wp-block-heading\">Qu\u00e9 significa aprender hoy<\/h2>\n\n\n\n<p>El contraste entre informaci\u00f3n y sabidur\u00eda. Tu \u00e9nfasis en desmitificar el proceso.<\/p>\n\n\n\n<h2 class=\"wp-block-heading\"> La propuesta de Cognosfera Digital<\/h2>\n\n\n\n<p>C\u00f3mo la persona puede ordenar su mente, su coraz\u00f3n y sus herramientas para una vida de estudio constante.<\/p>\n\n\n\n<h2 class=\"wp-block-heading\">El modelo de aprendizaje<\/h2>\n\n\n\n<ul class=\"wp-block-list\">\n<li>Atenci\u00f3n<\/li>\n\n\n\n<li>Consolidaci\u00f3n<\/li>\n\n\n\n<li>Recuperaci\u00f3n<\/li>\n<\/ul>\n\n\n\n<h2 class=\"wp-block-heading\">Herramientas clave sin abdicar del pensamiento<\/h2>\n\n\n\n<ul class=\"wp-block-list\">\n<li>Zotero<\/li>\n\n\n\n<li>Obsidian<\/li>\n\n\n\n<li> Litmaps<\/li>\n\n\n\n<li> buenas pr\u00e1cticas de IA<\/li>\n<\/ul>\n","protected":false},"excerpt":{"rendered":"<p>Qu\u00e9 significa aprender hoy El contraste entre informaci\u00f3n y sabidur\u00eda. Tu \u00e9nfasis en desmitificar el proceso. La propuesta de Cognosfera Digital C\u00f3mo la persona puede ordenar su mente, su coraz\u00f3n y sus herramientas para una vida de estudio constante. El modelo de aprendizaje Herramientas clave sin abdicar del pensamiento<\/p>\n","protected":false},"author":1,"featured_media":0,"parent":0,"menu_order":1,"comment_status":"closed","ping_status":"closed","template":"","meta":{"hide_page_title":"","footnotes":""},"class_list":["post-24","page","type-page","status-publish","hentry"],"yoast_head":"<!-- This site is optimized with the Yoast SEO plugin v26.4 - https:\/\/yoast.com\/wordpress\/plugins\/seo\/ -->\n<title>Aprender a Apender - Cognosfera Digital<\/title>\n<meta name=\"robots\" content=\"noindex, follow, max-snippet:-1, max-image-preview:large, max-video-preview:-1\" \/>\n<meta property=\"og:locale\" content=\"en_US\" \/>\n<meta property=\"og:type\" content=\"article\" \/>\n<meta property=\"og:title\" content=\"Aprender a Apender - Cognosfera Digital\" \/>\n<meta property=\"og:description\" content=\"Qu\u00e9 significa aprender hoy El contraste entre informaci\u00f3n y sabidur\u00eda. Tu \u00e9nfasis en desmitificar el proceso. La propuesta de Cognosfera Digital C\u00f3mo la persona puede ordenar su mente, su coraz\u00f3n y sus herramientas para una vida de estudio constante. El modelo de aprendizaje Herramientas clave sin abdicar del pensamiento\" \/>\n<meta property=\"og:url\" content=\"https:\/\/cognosferadigital.com\/?page_id=24\" \/>\n<meta property=\"og:site_name\" content=\"Cognosfera Digital\" \/>\n<meta property=\"article:modified_time\" content=\"2025-11-20T00:09:41+00:00\" \/>\n<meta name=\"twitter:card\" content=\"summary_large_image\" \/>\n<meta name=\"twitter:label1\" content=\"Est. reading time\" \/>\n\t<meta name=\"twitter:data1\" content=\"1 minute\" \/>\n<script type=\"application\/ld+json\" class=\"yoast-schema-graph\">{\"@context\":\"https:\/\/schema.org\",\"@graph\":[{\"@type\":\"WebPage\",\"@id\":\"https:\/\/cognosferadigital.com\/?page_id=24\",\"url\":\"https:\/\/cognosferadigital.com\/?page_id=24\",\"name\":\"Aprender a Apender - Cognosfera Digital\",\"isPartOf\":{\"@id\":\"https:\/\/cognosferadigital.com\/#website\"},\"datePublished\":\"2025-11-19T21:28:11+00:00\",\"dateModified\":\"2025-11-20T00:09:41+00:00\",\"breadcrumb\":{\"@id\":\"https:\/\/cognosferadigital.com\/?page_id=24#breadcrumb\"},\"inLanguage\":\"en-US\",\"potentialAction\":[{\"@type\":\"ReadAction\",\"target\":[\"https:\/\/cognosferadigital.com\/?page_id=24\"]}]},{\"@type\":\"BreadcrumbList\",\"@id\":\"https:\/\/cognosferadigital.com\/?page_id=24#breadcrumb\",\"itemListElement\":[{\"@type\":\"ListItem\",\"position\":1,\"name\":\"Home\",\"item\":\"https:\/\/cognosferadigital.com\/\"},{\"@type\":\"ListItem\",\"position\":2,\"name\":\"Aprender a Apender\"}]},{\"@type\":\"WebSite\",\"@id\":\"https:\/\/cognosferadigital.com\/#website\",\"url\":\"https:\/\/cognosferadigital.com\/\",\"name\":\"Cognosfera Digital\",\"description\":\"Aprender a aprender en la era digital\",\"potentialAction\":[{\"@type\":\"SearchAction\",\"target\":{\"@type\":\"EntryPoint\",\"urlTemplate\":\"https:\/\/cognosferadigital.com\/?s={search_term_string}\"},\"query-input\":{\"@type\":\"PropertyValueSpecification\",\"valueRequired\":true,\"valueName\":\"search_term_string\"}}],\"inLanguage\":\"en-US\"}]}<\/script>\n<!-- \/ Yoast SEO plugin. -->","yoast_head_json":{"title":"Aprender a Apender - Cognosfera Digital","robots":{"index":"noindex","follow":"follow","max-snippet":"max-snippet:-1","max-image-preview":"max-image-preview:large","max-video-preview":"max-video-preview:-1"},"og_locale":"en_US","og_type":"article","og_title":"Aprender a Apender - Cognosfera Digital","og_description":"Qu\u00e9 significa aprender hoy El contraste entre informaci\u00f3n y sabidur\u00eda. Tu \u00e9nfasis en desmitificar el proceso. La propuesta de Cognosfera Digital C\u00f3mo la persona puede ordenar su mente, su coraz\u00f3n y sus herramientas para una vida de estudio constante. El modelo de aprendizaje Herramientas clave sin abdicar del pensamiento","og_url":"https:\/\/cognosferadigital.com\/?page_id=24","og_site_name":"Cognosfera Digital","article_modified_time":"2025-11-20T00:09:41+00:00","twitter_card":"summary_large_image","twitter_misc":{"Est. reading time":"1 minute"},"schema":{"@context":"https:\/\/schema.org","@graph":[{"@type":"WebPage","@id":"https:\/\/cognosferadigital.com\/?page_id=24","url":"https:\/\/cognosferadigital.com\/?page_id=24","name":"Aprender a Apender - Cognosfera Digital","isPartOf":{"@id":"https:\/\/cognosferadigital.com\/#website"},"datePublished":"2025-11-19T21:28:11+00:00","dateModified":"2025-11-20T00:09:41+00:00","breadcrumb":{"@id":"https:\/\/cognosferadigital.com\/?page_id=24#breadcrumb"},"inLanguage":"en-US","potentialAction":[{"@type":"ReadAction","target":["https:\/\/cognosferadigital.com\/?page_id=24"]}]},{"@type":"BreadcrumbList","@id":"https:\/\/cognosferadigital.com\/?page_id=24#breadcrumb","itemListElement":[{"@type":"ListItem","position":1,"name":"Home","item":"https:\/\/cognosferadigital.com\/"},{"@type":"ListItem","position":2,"name":"Aprender a Apender"}]},{"@type":"WebSite","@id":"https:\/\/cognosferadigital.com\/#website","url":"https:\/\/cognosferadigital.com\/","name":"Cognosfera Digital","description":"Aprender a aprender en la era digital","potentialAction":[{"@type":"SearchAction","target":{"@type":"EntryPoint","urlTemplate":"https:\/\/cognosferadigital.com\/?s={search_term_string}"},"query-input":{"@type":"PropertyValueSpecification","valueRequired":true,"valueName":"search_term_string"}}],"inLanguage":"en-US"}]}},"_links":{"self":[{"href":"https:\/\/cognosferadigital.com\/index.php?rest_route=\/wp\/v2\/pages\/24","targetHints":{"allow":["GET"]}}],"collection":[{"href":"https:\/\/cognosferadigital.com\/index.php?rest_route=\/wp\/v2\/pages"}],"about":[{"href":"https:\/\/cognosferadigital.com\/index.php?rest_route=\/wp\/v2\/types\/page"}],"author":[{"embeddable":true,"href":"https:\/\/cognosferadigital.com\/index.php?rest_route=\/wp\/v2\/users\/1"}],"replies":[{"embeddable":true,"href":"https:\/\/cognosferadigital.com\/index.php?rest_route=%2Fwp%2Fv2%2Fcomments&post=24"}],"version-history":[{"count":8,"href":"https:\/\/cognosferadigital.com\/index.php?rest_route=\/wp\/v2\/pages\/24\/revisions"}],"predecessor-version":[{"id":42,"href":"https:\/\/cognosferadigital.com\/index.php?rest_route=\/wp\/v2\/pages\/24\/revisions\/42"}],"wp:attachment":[{"href":"https:\/\/cognosferadigital.com\/index.php?rest_route=%2Fwp%2Fv2%2Fmedia&parent=24"}],"curies":[{"name":"wp","href":"https:\/\/api.w.org\/{rel}","templated":true}]}}