{"id":18,"date":"2025-11-19T16:17:49","date_gmt":"2025-11-19T21:17:49","guid":{"rendered":"https:\/\/cognosferadigital.com\/?page_id=18"},"modified":"2025-11-20T09:22:39","modified_gmt":"2025-11-20T14:22:39","slug":"inicio","status":"publish","type":"page","link":"https:\/\/cognosferadigital.com\/","title":{"rendered":"Inicio"},"content":{"rendered":"\n<div class=\"wp-block-group alignfull\" style=\"min-height:0vh;margin-top:0;margin-bottom:0;padding-top:var(--wp--preset--spacing--70);padding-right:var(--wp--preset--spacing--40);padding-bottom:var(--wp--preset--spacing--70);padding-left:var(--wp--preset--spacing--40)\"><div class=\"wp-block-group__inner-container is-layout-constrained wp-container-core-group-is-layout-50021241 wp-block-group-is-layout-constrained\">\n<div class=\"wp-block-group\"><div class=\"wp-block-group__inner-container is-layout-constrained wp-block-group-is-layout-constrained\">\n<h2 class=\"wp-block-heading has-text-align-center has-xx-large-font-size\" style=\"margin-right:0;margin-left:0;padding-right:0;padding-left:0\">Cognosfera Digital<\/h2>\n\n\n\n<p class=\"has-text-align-center\"><em>Una fuente apra ayudar a hombres y mujeres a aprender con prop\u00f3sito en la era digital, formando h\u00e1bitos para toda la vida<\/em>.<\/p>\n\n\n\n<p>Un lugar donde el aprendizaje deja de ser acumulaci\u00f3n y se convierte en obediencia creativa al llamado del Se\u00f1or. Aqu\u00ed acompa\u00f1amos a quienes desean crecer con intenci\u00f3n, integrando herramientas digitales con una visi\u00f3n b\u00edblica del conocimiento.<\/p>\n\n\n\n<div class=\"wp-block-buttons is-content-justification-center is-layout-flex wp-container-core-buttons-is-layout-16018d1d wp-block-buttons-is-layout-flex\">\n<div class=\"wp-block-button\"><a class=\"wp-block-button__link has-primary-color has-text-color has-link-color wp-element-button\" href=\"https:\/\/cognosferadigital.com\/aprender\">Aprender a Aprender<\/a><\/div>\n\n\n\n<div class=\"wp-block-button\"><a class=\"wp-block-button__link has-primary-color has-text-color has-link-color wp-element-button\" href=\"https:\/\/cognosferadigital.com\/talleres\">Talleres<\/a><\/div>\n\n\n\n<div class=\"wp-block-button\"><a class=\"wp-block-button__link has-primary-color has-text-color has-link-color wp-element-button\" href=\"https:\/\/cognosferadigital.com\/recursos\">Recursos gratuitos<\/a><\/div>\n<\/div>\n<\/div><\/div>\n<\/div><\/div>\n\n\n\n<div class=\"wp-block-group alignfull is-style-section-1\" style=\"margin-top:0;margin-bottom:0;padding-top:var(--wp--preset--spacing--80);padding-bottom:var(--wp--preset--spacing--80)\"><div class=\"wp-block-group__inner-container is-layout-constrained wp-block-group-is-layout-constrained\">\n<div class=\"wp-block-columns alignwide is-layout-flex wp-container-core-columns-is-layout-5770a4fd wp-block-columns-is-layout-flex\">\n<div class=\"wp-block-column is-layout-flow wp-block-column-is-layout-flow\" style=\"padding-right:var(--wp--preset--spacing--50);flex-basis:45%\">\n<figure class=\"wp-block-image size-full\"><img decoding=\"async\" src=\"https:\/\/cognosferadigital.com\/wp-content\/themes\/twentytwentyfive\/assets\/images\/red-hibiscus-closeup.webp\" alt=\"Photography close up of a red flower.\"\/><\/figure>\n\n\n\n<div class=\"wp-block-group\" style=\"margin-top:-12vw\"><div class=\"wp-block-group__inner-container is-layout-constrained wp-block-group-is-layout-constrained\"><div class=\"wp-block-image is-resized\">\n<figure class=\"alignright size-full\" style=\"margin-right:-5vw;margin-left:-5vw\"><img decoding=\"async\" src=\"https:\/\/cognosferadigital.com\/wp-content\/themes\/twentytwentyfive\/assets\/images\/grid-flower-2.webp\" alt=\"Black and white photography close up of a flower.\" style=\"width:202px\"\/><\/figure>\n<\/div><\/div><\/div>\n<\/div>\n\n\n\n<div class=\"wp-block-column is-vertically-aligned-center is-layout-flow wp-block-column-is-layout-flow\" style=\"padding-right:0;padding-left:0;flex-basis:50%\">\n<div class=\"wp-block-group is-vertical is-layout-flex wp-container-core-group-is-layout-8cf370e7 wp-block-group-is-layout-flex\">\n<h2 class=\"wp-block-heading is-style-text-annotation\">About Us<\/h2>\n<\/div>\n\n\n\n<p class=\"is-style-text-subtitle\">\n\t\t\t<strong>Fleurs<\/strong> is a flower delivery and subscription business. Based in the EU, our mission is not only to deliver stunning flower arrangements across but also foster knowledge and enthusiasm on the beautiful gift of nature: flowers.\t\t\t<\/p>\n<\/div>\n<\/div>\n<\/div><\/div>\n\n\n\n<div class=\"wp-block-group alignfull\" style=\"margin-top:0;margin-bottom:0;padding-top:var(--wp--preset--spacing--50);padding-bottom:var(--wp--preset--spacing--50)\"><div class=\"wp-block-group__inner-container is-layout-constrained wp-block-group-is-layout-constrained\">\n<h2 class=\"wp-block-heading alignwide\">Our services<\/h2>\n\n\n\n<div class=\"wp-block-columns alignwide is-layout-flex wp-container-core-columns-is-layout-9d6595d7 wp-block-columns-is-layout-flex\">\n<div class=\"wp-block-column is-layout-flow wp-block-column-is-layout-flow\">\n<figure class=\"wp-block-image size-full\" style=\"margin-bottom:24px\"><img decoding=\"async\" src=\"https:\/\/cognosferadigital.com\/wp-content\/themes\/twentytwentyfive\/assets\/images\/campanula-alliariifolia-flower.webp\" alt=\"Image for service\" style=\"aspect-ratio:4\/3;object-fit:cover\"\/><\/figure>\n\n\n\n<h3 class=\"wp-block-heading\">Collect<\/h3>\n\n\n\n<p class=\"has-medium-font-size\">Like flowers that bloom in unexpected places, every story unfolds with beauty and resilience<\/p>\n<\/div>\n\n\n\n<div class=\"wp-block-column is-layout-flow wp-block-column-is-layout-flow\">\n<figure class=\"wp-block-image size-full\" style=\"margin-bottom:24px\"><img decoding=\"async\" src=\"https:\/\/cognosferadigital.com\/wp-content\/themes\/twentytwentyfive\/assets\/images\/delphinium-flowers.webp\" alt=\"Image for service\" style=\"aspect-ratio:4\/3;object-fit:cover\"\/><\/figure>\n\n\n\n<h3 class=\"wp-block-heading\">Assemble<\/h3>\n\n\n\n<p class=\"has-medium-font-size\">Like flowers that bloom in unexpected places, every story unfolds with beauty and resilience<\/p>\n<\/div>\n\n\n\n<div class=\"wp-block-column is-layout-flow wp-block-column-is-layout-flow\">\n<figure class=\"wp-block-image size-full\" style=\"margin-bottom:24px\"><img decoding=\"async\" src=\"https:\/\/cognosferadigital.com\/wp-content\/themes\/twentytwentyfive\/assets\/images\/star-thristle-flower.webp\" alt=\"Image for service\" style=\"aspect-ratio:4\/3;object-fit:cover\"\/><\/figure>\n\n\n\n<h3 class=\"wp-block-heading\">Deliver<\/h3>\n\n\n\n<p class=\"has-medium-font-size\">Like flowers that bloom in unexpected places, every story unfolds with beauty and resilience<\/p>\n<\/div>\n<\/div>\n<\/div><\/div>\n\n\n\n<div class=\"wp-block-group alignfull\" style=\"margin-top:0;margin-bottom:0;padding-top:var(--wp--preset--spacing--60);padding-bottom:var(--wp--preset--spacing--60)\"><div class=\"wp-block-group__inner-container is-layout-constrained wp-block-group-is-layout-constrained\">\n<div class=\"wp-block-columns alignwide is-layout-flex wp-container-core-columns-is-layout-8e1be784 wp-block-columns-is-layout-flex\">\n<div class=\"wp-block-column is-layout-flow wp-block-column-is-layout-flow\">\n<div class=\"wp-block-group is-vertical is-content-justification-left is-layout-flex wp-container-core-group-is-layout-126d0a7d wp-block-group-is-layout-flex\" style=\"min-height:100%\">\n<h2 class=\"wp-block-heading is-style-text-annotation has-x-small-font-size\">What people are saying<\/h2>\n\n\n\n<blockquote class=\"wp-block-quote is-style-plain has-x-large-font-size is-layout-flow wp-block-quote-is-layout-flow\" style=\"font-style:normal;font-weight:400\">\n<div class=\"wp-block-group is-content-justification-left\" style=\"margin-top:0;margin-bottom:0;padding-top:0;padding-right:0;padding-bottom:0;padding-left:0\"><div class=\"wp-block-group__inner-container is-layout-constrained wp-container-core-group-is-layout-49a82107 wp-block-group-is-layout-constrained\">\n<p class=\"has-xx-large-font-size\">\u201cSuperb product and customer service!\u201d<\/p>\n<\/div><\/div>\n<cite>Jo Mulligan <br><sub>Atlanta, GA<\/sub><\/cite><\/blockquote>\n<\/div>\n<\/div>\n\n\n\n<div class=\"wp-block-column is-layout-flow wp-block-column-is-layout-flow\" style=\"padding-top:0;padding-right:0;padding-bottom:0;padding-left:0\">\n<figure class=\"wp-block-image size-large\"><img decoding=\"async\" src=\"https:\/\/cognosferadigital.com\/wp-content\/themes\/twentytwentyfive\/assets\/images\/typewriter.webp\" alt=\"Picture of a person typing on a typewriter.\" style=\"aspect-ratio:1;object-fit:cover\"\/><\/figure>\n<\/div>\n<\/div>\n<\/div><\/div>\n\n\n\n<div class=\"wp-block-group alignfull\" style=\"margin-top:0;margin-bottom:0;padding-top:var(--wp--preset--spacing--60);padding-bottom:var(--wp--preset--spacing--60)\"><div class=\"wp-block-group__inner-container is-layout-constrained wp-block-group-is-layout-constrained\">\n<h2 class=\"wp-block-heading alignwide has-text-align-center\">Pricing<\/h2>\n\n\n\n<p class=\"has-text-align-center\">Cancel or pause anytime.<\/p>\n\n\n\n<div style=\"height:var(--wp--preset--spacing--40)\" aria-hidden=\"true\" class=\"wp-block-spacer\"><\/div>\n\n\n\n<div class=\"wp-block-columns alignwide is-layout-flex wp-container-core-columns-is-layout-e72e5afa wp-block-columns-is-layout-flex\">\n<div class=\"wp-block-column has-border-color is-layout-flow wp-block-column-is-layout-flow\" style=\"border-color:var(--wp--preset--color--accent-6);border-width:1px;border-radius:10px;padding-top:var(--wp--preset--spacing--50);padding-right:var(--wp--preset--spacing--50);padding-bottom:var(--wp--preset--spacing--50);padding-left:var(--wp--preset--spacing--50)\">\n<h3 class=\"wp-block-heading\" id=\"free\">Free<\/h3>\n\n\n\n<p class=\"has-large-font-size\">0\u20ac<\/p>\n\n\n\n<ul style=\"padding-bottom:var(--wp--preset--spacing--20);padding-left:var(--wp--preset--spacing--20)\" class=\"wp-block-list is-style-checkmark-list has-small-font-size\">\n<li>Get access to our paid articles and weekly newsletter.<\/li>\n\n\n\n<li>Join our IRL events.<\/li>\n\n\n\n<li>Get a free tote bag.<\/li>\n\n\n\n<li>An elegant addition of home decor collection.<\/li>\n\n\n\n<li>Join our forums.<\/li>\n<\/ul>\n\n\n\n<div class=\"wp-block-buttons is-content-justification-center is-layout-flex wp-container-core-buttons-is-layout-16018d1d wp-block-buttons-is-layout-flex\">\n<div class=\"wp-block-button has-custom-width wp-block-button__width-100\"><a class=\"wp-block-button__link wp-element-button\">Join<\/a><\/div>\n<\/div>\n<\/div>\n\n\n\n<div class=\"wp-block-column has-border-color is-layout-flow wp-block-column-is-layout-flow\" style=\"border-color:var(--wp--preset--color--accent-6);border-width:1px;border-radius:10px;padding-top:var(--wp--preset--spacing--50);padding-right:var(--wp--preset--spacing--50);padding-bottom:var(--wp--preset--spacing--50);padding-left:var(--wp--preset--spacing--50)\">\n<h3 class=\"wp-block-heading\" id=\"single\">Single<\/h3>\n\n\n\n<p class=\"has-large-font-size\">20\u20ac\/month<\/p>\n\n\n\n<ul style=\"padding-bottom:var(--wp--preset--spacing--20);padding-left:var(--wp--preset--spacing--20)\" class=\"wp-block-list is-style-checkmark-list has-small-font-size\">\n<li>Get access to our paid articles and weekly newsletter.<\/li>\n\n\n\n<li>Join our IRL events.<\/li>\n\n\n\n<li>Get a free tote bag.<\/li>\n\n\n\n<li>An elegant addition of home decor collection.<\/li>\n\n\n\n<li>Join our forums.<\/li>\n<\/ul>\n\n\n\n<div class=\"wp-block-buttons is-content-justification-center is-layout-flex wp-container-core-buttons-is-layout-16018d1d wp-block-buttons-is-layout-flex\">\n<div class=\"wp-block-button has-custom-width wp-block-button__width-100\"><a class=\"wp-block-button__link wp-element-button\">Join<\/a><\/div>\n<\/div>\n<\/div>\n<\/div>\n<\/div><\/div>\n\n\n\n<aside class=\"wp-block-group alignfull is-style-section-3\" style=\"margin-top:0;margin-bottom:0;padding-top:var(--wp--preset--spacing--50);padding-right:var(--wp--preset--spacing--50);padding-bottom:var(--wp--preset--spacing--50);padding-left:var(--wp--preset--spacing--50)\"><div class=\"wp-block-group__inner-container is-layout-constrained wp-container-core-group-is-layout-f69f53e0 wp-block-group-is-layout-constrained\">\n<div class=\"wp-block-group is-vertical is-content-justification-center is-layout-flex wp-container-core-group-is-layout-2e2aa035 wp-block-group-is-layout-flex\" style=\"min-height:360px;margin-top:0;margin-bottom:0\">\n<h2 class=\"wp-block-heading has-text-align-center has-xx-large-font-size\">Sign up to get daily stories<\/h2>\n\n\n\n<p class=\"has-text-align-center is-style-text-subtitle\">Get access to a curated collection of moments in time featuring photographs from historical relevance.<\/p>\n\n\n\n<div style=\"height:0px\" aria-hidden=\"true\" class=\"wp-block-spacer wp-container-content-62aae154\"><\/div>\n\n\n\n<div class=\"wp-block-buttons is-content-justification-center is-layout-flex wp-container-core-buttons-is-layout-16018d1d wp-block-buttons-is-layout-flex\">\n<div class=\"wp-block-button\"><a class=\"wp-block-button__link has-text-align-center wp-element-button\">Subscribe<\/a><\/div>\n<\/div>\n<\/div>\n<\/div><\/aside>\n","protected":false},"excerpt":{"rendered":"<p>Cognosfera Digital Una fuente apra ayudar a hombres y mujeres a aprender con prop\u00f3sito en la era digital, formando h\u00e1bitos para toda la vida. Un lugar donde el aprendizaje deja de ser acumulaci\u00f3n y se convierte en obediencia creativa al llamado del Se\u00f1or. Aqu\u00ed acompa\u00f1amos a quienes desean crecer con intenci\u00f3n, integrando herramientas digitales con [&hellip;]<\/p>\n","protected":false},"author":1,"featured_media":0,"parent":0,"menu_order":0,"comment_status":"closed","ping_status":"closed","template":"","meta":{"hide_page_title":"","footnotes":""},"class_list":["post-18","page","type-page","status-publish","hentry"],"yoast_head":"<!-- This site is optimized with the Yoast SEO plugin v26.4 - https:\/\/yoast.com\/wordpress\/plugins\/seo\/ -->\n<title>Inicio - Cognosfera Digital<\/title>\n<meta name=\"robots\" content=\"noindex, follow, max-snippet:-1, max-image-preview:large, max-video-preview:-1\" \/>\n<meta property=\"og:locale\" content=\"en_US\" \/>\n<meta property=\"og:type\" content=\"article\" \/>\n<meta property=\"og:title\" content=\"Inicio - Cognosfera Digital\" \/>\n<meta property=\"og:description\" content=\"Cognosfera Digital Una fuente apra ayudar a hombres y mujeres a aprender con prop\u00f3sito en la era digital, formando h\u00e1bitos para toda la vida. Un lugar donde el aprendizaje deja de ser acumulaci\u00f3n y se convierte en obediencia creativa al llamado del Se\u00f1or. Aqu\u00ed acompa\u00f1amos a quienes desean crecer con intenci\u00f3n, integrando herramientas digitales con [&hellip;]\" \/>\n<meta property=\"og:url\" content=\"https:\/\/cognosferadigital.com\/\" \/>\n<meta property=\"og:site_name\" content=\"Cognosfera Digital\" \/>\n<meta property=\"article:modified_time\" content=\"2025-11-20T14:22:39+00:00\" \/>\n<meta property=\"og:image\" content=\"https:\/\/cognosferadigital.com\/wp-content\/themes\/twentytwentyfive\/assets\/images\/red-hibiscus-closeup.webp\" \/>\n<meta name=\"twitter:card\" content=\"summary_large_image\" \/>\n<meta name=\"twitter:label1\" content=\"Est. reading time\" \/>\n\t<meta name=\"twitter:data1\" content=\"3 minutes\" \/>\n<script type=\"application\/ld+json\" class=\"yoast-schema-graph\">{\"@context\":\"https:\/\/schema.org\",\"@graph\":[{\"@type\":\"WebPage\",\"@id\":\"https:\/\/cognosferadigital.com\/\",\"url\":\"https:\/\/cognosferadigital.com\/\",\"name\":\"Inicio - Cognosfera Digital\",\"isPartOf\":{\"@id\":\"https:\/\/cognosferadigital.com\/#website\"},\"primaryImageOfPage\":{\"@id\":\"https:\/\/cognosferadigital.com\/#primaryimage\"},\"image\":{\"@id\":\"https:\/\/cognosferadigital.com\/#primaryimage\"},\"thumbnailUrl\":\"https:\/\/cognosferadigital.com\/wp-content\/themes\/twentytwentyfive\/assets\/images\/red-hibiscus-closeup.webp\",\"datePublished\":\"2025-11-19T21:17:49+00:00\",\"dateModified\":\"2025-11-20T14:22:39+00:00\",\"breadcrumb\":{\"@id\":\"https:\/\/cognosferadigital.com\/#breadcrumb\"},\"inLanguage\":\"en-US\",\"potentialAction\":[{\"@type\":\"ReadAction\",\"target\":[\"https:\/\/cognosferadigital.com\/\"]}]},{\"@type\":\"ImageObject\",\"inLanguage\":\"en-US\",\"@id\":\"https:\/\/cognosferadigital.com\/#primaryimage\",\"url\":\"https:\/\/cognosferadigital.com\/wp-content\/themes\/twentytwentyfive\/assets\/images\/red-hibiscus-closeup.webp\",\"contentUrl\":\"https:\/\/cognosferadigital.com\/wp-content\/themes\/twentytwentyfive\/assets\/images\/red-hibiscus-closeup.webp\"},{\"@type\":\"BreadcrumbList\",\"@id\":\"https:\/\/cognosferadigital.com\/#breadcrumb\",\"itemListElement\":[{\"@type\":\"ListItem\",\"position\":1,\"name\":\"Home\",\"item\":\"https:\/\/cognosferadigital.com\/\"},{\"@type\":\"ListItem\",\"position\":2,\"name\":\"Inicio\"}]},{\"@type\":\"WebSite\",\"@id\":\"https:\/\/cognosferadigital.com\/#website\",\"url\":\"https:\/\/cognosferadigital.com\/\",\"name\":\"Cognosfera Digital\",\"description\":\"Aprender a aprender en la era digital\",\"potentialAction\":[{\"@type\":\"SearchAction\",\"target\":{\"@type\":\"EntryPoint\",\"urlTemplate\":\"https:\/\/cognosferadigital.com\/?s={search_term_string}\"},\"query-input\":{\"@type\":\"PropertyValueSpecification\",\"valueRequired\":true,\"valueName\":\"search_term_string\"}}],\"inLanguage\":\"en-US\"}]}<\/script>\n<!-- \/ Yoast SEO plugin. -->","yoast_head_json":{"title":"Inicio - Cognosfera Digital","robots":{"index":"noindex","follow":"follow","max-snippet":"max-snippet:-1","max-image-preview":"max-image-preview:large","max-video-preview":"max-video-preview:-1"},"og_locale":"en_US","og_type":"article","og_title":"Inicio - Cognosfera Digital","og_description":"Cognosfera Digital Una fuente apra ayudar a hombres y mujeres a aprender con prop\u00f3sito en la era digital, formando h\u00e1bitos para toda la vida. Un lugar donde el aprendizaje deja de ser acumulaci\u00f3n y se convierte en obediencia creativa al llamado del Se\u00f1or. Aqu\u00ed acompa\u00f1amos a quienes desean crecer con intenci\u00f3n, integrando herramientas digitales con [&hellip;]","og_url":"https:\/\/cognosferadigital.com\/","og_site_name":"Cognosfera Digital","article_modified_time":"2025-11-20T14:22:39+00:00","og_image":[{"url":"https:\/\/cognosferadigital.com\/wp-content\/themes\/twentytwentyfive\/assets\/images\/red-hibiscus-closeup.webp","type":"","width":"","height":""}],"twitter_card":"summary_large_image","twitter_misc":{"Est. reading time":"3 minutes"},"schema":{"@context":"https:\/\/schema.org","@graph":[{"@type":"WebPage","@id":"https:\/\/cognosferadigital.com\/","url":"https:\/\/cognosferadigital.com\/","name":"Inicio - Cognosfera Digital","isPartOf":{"@id":"https:\/\/cognosferadigital.com\/#website"},"primaryImageOfPage":{"@id":"https:\/\/cognosferadigital.com\/#primaryimage"},"image":{"@id":"https:\/\/cognosferadigital.com\/#primaryimage"},"thumbnailUrl":"https:\/\/cognosferadigital.com\/wp-content\/themes\/twentytwentyfive\/assets\/images\/red-hibiscus-closeup.webp","datePublished":"2025-11-19T21:17:49+00:00","dateModified":"2025-11-20T14:22:39+00:00","breadcrumb":{"@id":"https:\/\/cognosferadigital.com\/#breadcrumb"},"inLanguage":"en-US","potentialAction":[{"@type":"ReadAction","target":["https:\/\/cognosferadigital.com\/"]}]},{"@type":"ImageObject","inLanguage":"en-US","@id":"https:\/\/cognosferadigital.com\/#primaryimage","url":"https:\/\/cognosferadigital.com\/wp-content\/themes\/twentytwentyfive\/assets\/images\/red-hibiscus-closeup.webp","contentUrl":"https:\/\/cognosferadigital.com\/wp-content\/themes\/twentytwentyfive\/assets\/images\/red-hibiscus-closeup.webp"},{"@type":"BreadcrumbList","@id":"https:\/\/cognosferadigital.com\/#breadcrumb","itemListElement":[{"@type":"ListItem","position":1,"name":"Home","item":"https:\/\/cognosferadigital.com\/"},{"@type":"ListItem","position":2,"name":"Inicio"}]},{"@type":"WebSite","@id":"https:\/\/cognosferadigital.com\/#website","url":"https:\/\/cognosferadigital.com\/","name":"Cognosfera Digital","description":"Aprender a aprender en la era digital","potentialAction":[{"@type":"SearchAction","target":{"@type":"EntryPoint","urlTemplate":"https:\/\/cognosferadigital.com\/?s={search_term_string}"},"query-input":{"@type":"PropertyValueSpecification","valueRequired":true,"valueName":"search_term_string"}}],"inLanguage":"en-US"}]}},"_links":{"self":[{"href":"https:\/\/cognosferadigital.com\/index.php?rest_route=\/wp\/v2\/pages\/18","targetHints":{"allow":["GET"]}}],"collection":[{"href":"https:\/\/cognosferadigital.com\/index.php?rest_route=\/wp\/v2\/pages"}],"about":[{"href":"https:\/\/cognosferadigital.com\/index.php?rest_route=\/wp\/v2\/types\/page"}],"author":[{"embeddable":true,"href":"https:\/\/cognosferadigital.com\/index.php?rest_route=\/wp\/v2\/users\/1"}],"replies":[{"embeddable":true,"href":"https:\/\/cognosferadigital.com\/index.php?rest_route=%2Fwp%2Fv2%2Fcomments&post=18"}],"version-history":[{"count":9,"href":"https:\/\/cognosferadigital.com\/index.php?rest_route=\/wp\/v2\/pages\/18\/revisions"}],"predecessor-version":[{"id":94,"href":"https:\/\/cognosferadigital.com\/index.php?rest_route=\/wp\/v2\/pages\/18\/revisions\/94"}],"wp:attachment":[{"href":"https:\/\/cognosferadigital.com\/index.php?rest_route=%2Fwp%2Fv2%2Fmedia&parent=18"}],"curies":[{"name":"wp","href":"https:\/\/api.w.org\/{rel}","templated":true}]}}